{"id":11,"date":"2026-02-28T14:37:02","date_gmt":"2026-02-28T03:37:02","guid":{"rendered":"https:\/\/hungariancouncilnsw.com.au\/?page_id=11"},"modified":"2026-04-20T10:37:02","modified_gmt":"2026-04-20T00:37:02","slug":"home","status":"publish","type":"page","link":"https:\/\/hungariancouncilnsw.com.au\/hu\/","title":{"rendered":"Otthon"},"content":{"rendered":"","protected":false},"excerpt":{"rendered":"","protected":false},"author":277920884,"featured_media":0,"parent":0,"menu_order":0,"comment_status":"closed","ping_status":"closed","template":"","meta":{"_tec_requires_first_save":true,"_crdt_document":"{\"document\":\"AABpntK0+hv9nbK8DACSg4SmG+3uga8MAPyY6\/oYQIHFqrYXsfGanBWw6oS2Dc+dhI8GAMvTyo8NB72dsrwM0oOEphsA\/Z2yvAwAre6BrwzL08qPDQCT5pCBB97StPobAI+dhI8G0+aQgQcAFwYCRgIEGAE9XgJCAwVOAkICDgJSAkICADEoAKEBIQChASEAKAInAAQAJwEoBCcAKD8nACECqAEhAqEHIQChAyEAoQEhAKEBIQChhQ2PDHN0YXRldmVyc2lvbnN0YXRldmVyc2lvbnN0YXRldmVyc2lvbmRvY3VtZW50ZGF0ZWRvY3VtZW50c2x1Z2RvY3VtZW50c3RhdHVzZG9jdW1lbnR0aXRsZUhvbWVkb2N1bWVudGNvbnRlbnRkb2N1bWVudGV4Y2VycHRkb2N1bWVudGF1dGhvcmRvY3VtZW50ZmVhdHVyZWRfbWVkaWFkb2N1bWVudGNvbW1lbnRfc3RhdHVzZG9jdW1lbnRwaW5nX3N0YXR1c2RvY3VtZW50dGVtcGxhdGVkb2N1bWVudG1ldGFfdGVjX3JlcXVpcmVzX2ZpcnN0X3NhdmVfdWFnX2N1c3RvbV9wYWdlX2xldmVsX2Nzc2FkdmFuY2VkX3Nlb19kZXNjcmlwdGlvbmpldHBhY2tfc2VvX2h0bWxfdGl0bGVqZXRwYWNrX3Nlb19ub2luZGV4X3ByaWNlX3N0b2NrX3RyaWJlX3RpY2tldF9oZWFkZXJfdHJpYmVfZGVmYXVsdF90aWNrZXRfcHJvdmlkZXJfdHJpYmVfdGlja2V0X2NhcGFjaXR5X3RpY2tldF9zdGFydF9kYXRlX3RpY2tldF9lbmRfZGF0ZV90cmliZV90aWNrZXRfc2hvd19kZXNjcmlwdGlvbl90cmliZV90aWNrZXRfc2hvd19ub3RfZ29pbmdfdHJpYmVfdGlja2V0X3VzZV9nbG9iYWxfc3RvY2tfdHJpYmVfdGlja2V0X2dsb2JhbF9zdG9ja19sZXZlbF9nbG9iYWxfc3RvY2tfbW9kZV9nbG9iYWxfc3RvY2tfY2FwX3RyaWJlX3JzdnBfZm9yX2V2ZW50X3RyaWJlX3RpY2tldF9nb2luZ19jb3VudF90cmliZV90aWNrZXRfbm90X2dvaW5nX2NvdW50X3RyaWJlX3RpY2tldHNfbGlzdF90cmliZV90aWNrZXRfaGFzX2F0dGVuZGVlX2luZm9fZmllbGRzX0V2ZW50QWxsRGF5X0V2ZW50VGltZXpvbmVfRXZlbnRTdGFydERhdGVfRXZlbnRFbmREYXRlX0V2ZW50U3RhcnREYXRlVVRDX0V2ZW50RW5kRGF0ZVVUQ19FdmVudFNob3dNYXBfRXZlbnRTaG93TWFwTGlua19FdmVudFVSTF9FdmVudENvc3RfRXZlbnRDb3N0RGVzY3JpcHRpb25fRXZlbnRDdXJyZW5jeVN5bWJvbF9FdmVudEN1cnJlbmN5Q29kZV9FdmVudEN1cnJlbmN5UG9zaXRpb25fRXZlbnREYXRlVGltZVNlcGFyYXRvcl9FdmVudFRpbWVSYW5nZVNlcGFyYXRvcl9FdmVudE9yZ2FuaXplcklEX0V2ZW50VmVudWVJRF9Pcmdhbml6ZXJFbWFpbF9Pcmdhbml6ZXJQaG9uZV9Pcmdhbml6ZXJXZWJzaXRlX1ZlbnVlQWRkcmVzc19WZW51ZUNpdHlfVmVudWVDb3VudHJ5X1ZlbnVlUHJvdmluY2VfVmVudWVTdGF0ZV9WZW51ZVppcF9WZW51ZVBob25lX1ZlbnVlVVJMX1ZlbnVlU3RhdGVQcm92aW5jZV9WZW51ZUxhdF9WZW51ZUxuZ19WZW51ZVNob3dNYXBfVmVudWVTaG93TWFwTGlua190cmliZV9ibG9ja3NfcmVjdXJyZW5jZV9ydWxlc190cmliZV9ibG9ja3NfcmVjdXJyZW5jZV9kZXNjcmlwdGlvbl90cmliZV9ibG9ja3NfcmVjdXJyZW5jZV9leGNsdXNpb25zamV0cGFja19wb3N0X3dhc19ldmVyX3B1Ymxpc2hlZGZvb3Rub3Rlc190ZWNfc2xyX2VuYWJsZWRfdGVjX3Nscl9sYXlvdXRkb2N1bWVudGJsb2Nrc3N0YXRldmVyc2lvbnN0YXRldmVyc2lvbnN0YXRldmVyc2lvbnN0YXRldmVyc2lvbnN0YXRlc2F2ZWRBdHN0YXRlc2F2ZWRCeXN0YXRldmVyc2lvbnN0YXRldmVyc2lvbnN0YXRldmVyc2lvbnN0YXRldmVyc2lvbgUHBQcFBwgECAQIBggFBAgHCAcIBggOCA4IC0gBBBgaGBYTRgAUHhYSEB4cHiASERUZHRMmDA4PDRIQDREJChUUEhYXGBENTwARDQoNDgsJCwkTSQANER4kIx8JEA8IBgUHBQcFBwUHBQcFBwUHBQcFBwUHCQEGAAABBwA\/AQRCAQEAAkFrCwMAfQEDAE8AdxMyMDI2LTAyLTI4VDE0OjM3OjAydwRob21ldwdwdWJsaXNofbTxhYkCfQB3BmNsb3NlZHcGY2xvc2VkdwB4dwB3AHcAeXcAdwB3AHcAdwEwdwB3AHcAeXcAdwB3AHcAdwB3AHcAdwJbXXl5dwB3AHcAdwB3AHl5dwB3AHcAdwB3AHcAdwB3AHUAdQB3AHcAdwB3AHcAdwB3AHcAdwB3AHcAdwB3AHcAeXl3AHcAdwB5dwB3AHcAAQABAAMAe0J52oUVJJAAfbDqhLYNCwAFAAMAAwADAAueqZr9DQEBAdKBgtMNAQACvMy1vQwBAADBopXbCwEAAPG4jc4KAQAAsLWC2wYBAADLqeXHBgEACv2OmZ4GAQAErffAlwYBAAKTs8jAAwEAAs+OwocDAQAC\",\"updateId\":176217912}","_uag_custom_page_level_css":"","_price":"","_stock":"","_tribe_ticket_header":"","_tribe_default_ticket_provider":"","_tribe_ticket_capacity":"0","_ticket_start_date":"","_ticket_end_date":"","_tribe_ticket_show_description":"","_tribe_ticket_show_not_going":false,"_tribe_ticket_use_global_stock":"","_tribe_ticket_global_stock_level":"","_global_stock_mode":"","_global_stock_cap":"","_tribe_rsvp_for_event":"","_tribe_ticket_going_count":"","_tribe_ticket_not_going_count":"","_tribe_tickets_list":"[]","_tribe_ticket_has_attendee_info_fields":false,"_EventAllDay":false,"_EventTimezone":"","_EventStartDate":"","_EventEndDate":"","_EventStartDateUTC":"","_EventEndDateUTC":"","_EventShowMap":false,"_EventShowMapLink":false,"_EventURL":"","_EventCost":"","_EventCostDescription":"","_EventCurrencySymbol":"","_EventCurrencyCode":"","_EventCurrencyPosition":"","_EventDateTimeSeparator":"","_EventTimeRangeSeparator":"","_EventOrganizerID":[],"_EventVenueID":[],"_OrganizerEmail":"","_OrganizerPhone":"","_OrganizerWebsite":"","_VenueAddress":"","_VenueCity":"","_VenueCountry":"","_VenueProvince":"","_VenueState":"","_VenueZip":"","_VenuePhone":"","_VenueURL":"","_VenueStateProvince":"","_VenueLat":"","_VenueLng":"","_VenueShowMap":false,"_VenueShowMapLink":false,"_tribe_blocks_recurrence_rules":"","_tribe_blocks_recurrence_description":"","_tribe_blocks_recurrence_exclusions":"","footnotes":"","_tec_slr_enabled":"","_tec_slr_layout":""},"class_list":["post-11","page","type-page","status-publish","hentry"],"uagb_featured_image_src":{"full":false,"thumbnail":false,"medium":false,"medium_large":false,"large":false,"1536x1536":false,"2048x2048":false,"trp-custom-language-flag":false,"newspack-article-block-landscape-large":false,"newspack-article-block-portrait-large":false,"newspack-article-block-square-large":false,"newspack-article-block-landscape-medium":false,"newspack-article-block-portrait-medium":false,"newspack-article-block-square-medium":false,"newspack-article-block-landscape-intermediate":false,"newspack-article-block-portrait-intermediate":false,"newspack-article-block-square-intermediate":false,"newspack-article-block-landscape-small":false,"newspack-article-block-portrait-small":false,"newspack-article-block-square-small":false,"newspack-article-block-landscape-tiny":false,"newspack-article-block-portrait-tiny":false,"newspack-article-block-square-tiny":false,"newspack-article-block-uncropped":false},"uagb_author_info":{"display_name":"Kriszti","author_link":"https:\/\/hungariancouncilnsw.com.au\/hu\/author\/kriszann\/"},"uagb_comment_info":0,"uagb_excerpt":null,"jetpack_likes_enabled":true,"jetpack_sharing_enabled":true,"jetpack_shortlink":"https:\/\/wp.me\/Ph7xDz-b","jetpack-related-posts":[{"id":517,"url":"https:\/\/hungariancouncilnsw.com.au\/hu\/organizations\/hungarian-saint-elizabeth-home\/","url_meta":{"origin":11,"position":0},"title":"Szent Erzs\u00e9bet Otthon","author":"Kriszti","date":"m\u00e1rcius 10, 2026","format":false,"excerpt":"Residential Hungarian Aged Care Facility St. Elizabeth Home is a non-profit organisation whose operations are governed by Australian aged care legislation and government regulations. For more than half a century, St Elizabeth Home has been one of the most important institutions of the Hungarian community in Sydney, serving elderly Hungarians\u2026","rel":"","context":"Similar post","block_context":{"text":"Similar post","link":""},"img":{"alt_text":"","src":"https:\/\/mlf8n66tx8z0.i.optimole.com\/w:auto\/h:auto\/q:mauto\/f:best\/https:\/\/i0.wp.com\/hungariancouncilnsw.com.au\/wp-content\/uploads\/2026\/03\/erzsebet-otthon.png?resize=350%2C200&ssl=1","width":350,"height":200,"srcset":"https:\/\/mlf8n66tx8z0.i.optimole.com\/w:auto\/h:auto\/q:mauto\/f:best\/https:\/\/i0.wp.com\/hungariancouncilnsw.com.au\/wp-content\/uploads\/2026\/03\/erzsebet-otthon.png?resize=350%2C200&ssl=1 1x, https:\/\/mlf8n66tx8z0.i.optimole.com\/w:auto\/h:auto\/q:mauto\/f:best\/https:\/\/i0.wp.com\/hungariancouncilnsw.com.au\/wp-content\/uploads\/2026\/03\/erzsebet-otthon.png?resize=525%2C300&ssl=1 1.5x, https:\/\/mlf8n66tx8z0.i.optimole.com\/w:auto\/h:auto\/q:mauto\/f:best\/https:\/\/i0.wp.com\/hungariancouncilnsw.com.au\/wp-content\/uploads\/2026\/03\/erzsebet-otthon.png?resize=700%2C400&ssl=1 2x, https:\/\/mlf8n66tx8z0.i.optimole.com\/w:auto\/h:auto\/q:mauto\/f:best\/https:\/\/i0.wp.com\/hungariancouncilnsw.com.au\/wp-content\/uploads\/2026\/03\/erzsebet-otthon.png?resize=1050%2C600&ssl=1 3x"},"classes":[]},{"id":39,"url":"https:\/\/hungariancouncilnsw.com.au\/hu\/organizations\/hungarian-saint-elizabeth-caritas\/","url_meta":{"origin":11,"position":1},"title":"Hungarian Saint Elizabeth Caritas","author":"Kriszti","date":"m\u00e1rcius 3, 2026","format":false,"excerpt":"Saint Elizabeth Caritas was founded in 1974 and has been actively operating ever since.Our goal is to help people in need, the sick, and newly arrived compatriots. What we do Our organization also helps victims and those affected by disasters, for example people affected by fires and floods in Australia,\u2026","rel":"","context":"Similar post","block_context":{"text":"Similar post","link":""},"img":{"alt_text":"","src":"https:\/\/mlf8n66tx8z0.i.optimole.com\/w:auto\/h:auto\/q:mauto\/f:best\/https:\/\/i0.wp.com\/hungariancouncilnsw.com.au\/wp-content\/uploads\/2026\/03\/c9cf0055-cb3f-4f3b-b5f0-41959586447a.jpg?resize=350%2C200&ssl=1","width":350,"height":200,"srcset":"https:\/\/mlf8n66tx8z0.i.optimole.com\/w:auto\/h:auto\/q:mauto\/f:best\/https:\/\/i0.wp.com\/hungariancouncilnsw.com.au\/wp-content\/uploads\/2026\/03\/c9cf0055-cb3f-4f3b-b5f0-41959586447a.jpg?resize=350%2C200&ssl=1 1x, https:\/\/mlf8n66tx8z0.i.optimole.com\/w:auto\/h:auto\/q:mauto\/f:best\/https:\/\/i0.wp.com\/hungariancouncilnsw.com.au\/wp-content\/uploads\/2026\/03\/c9cf0055-cb3f-4f3b-b5f0-41959586447a.jpg?resize=525%2C300&ssl=1 1.5x, https:\/\/mlf8n66tx8z0.i.optimole.com\/w:auto\/h:auto\/q:mauto\/f:best\/https:\/\/i0.wp.com\/hungariancouncilnsw.com.au\/wp-content\/uploads\/2026\/03\/c9cf0055-cb3f-4f3b-b5f0-41959586447a.jpg?resize=700%2C400&ssl=1 2x, https:\/\/mlf8n66tx8z0.i.optimole.com\/w:auto\/h:auto\/q:mauto\/f:best\/https:\/\/i0.wp.com\/hungariancouncilnsw.com.au\/wp-content\/uploads\/2026\/03\/c9cf0055-cb3f-4f3b-b5f0-41959586447a.jpg?resize=1050%2C600&ssl=1 3x, https:\/\/mlf8n66tx8z0.i.optimole.com\/w:auto\/h:auto\/q:mauto\/f:best\/https:\/\/i0.wp.com\/hungariancouncilnsw.com.au\/wp-content\/uploads\/2026\/03\/c9cf0055-cb3f-4f3b-b5f0-41959586447a.jpg?resize=1400%2C800&ssl=1 4x"},"classes":[]},{"id":42,"url":"https:\/\/hungariancouncilnsw.com.au\/hu\/organizations\/hungarian-kaszino\/","url_meta":{"origin":11,"position":2},"title":"Magyar Kaszin\u00f3","author":"Kriszti","date":"m\u00e1rcius 3, 2026","format":false,"excerpt":"The Sydney Hungarian Casino was founded in 1966, originally as a men-only organisation. Over time, it grew into much more than a social club\u2014it became an important guardian of Hungarian language, culture, and history in Australia. As its popularity increased, it found a permanent home at the Sydney Hungarian House,\u2026","rel":"","context":"Similar post","block_context":{"text":"Similar post","link":""},"img":{"alt_text":"","src":"","width":0,"height":0},"classes":[]},{"id":710,"url":"https:\/\/hungariancouncilnsw.com.au\/hu\/about\/krisztina-meszaros\/","url_meta":{"origin":11,"position":3},"title":"M\u00e9sz\u00e1ros Krisztina","author":"Kriszti","date":"m\u00e1rcius 19, 2026","format":false,"excerpt":"My name is Krisztina M\u00e9sz\u00e1ros, I moved from Zalaegerszeg to Sydney with my family in October 2016. I currently live in Castle Hill with my children and my dog. After arriving in Australia, I completed English language studies at TAFE, and in 2017 I began working at St Elizabeth Home\u2026","rel":"","context":"Similar post","block_context":{"text":"Similar post","link":""},"img":{"alt_text":"","src":"https:\/\/mlf8n66tx8z0.i.optimole.com\/w:auto\/h:auto\/q:mauto\/f:best\/https:\/\/i0.wp.com\/hungariancouncilnsw.com.au\/wp-content\/uploads\/2026\/03\/FB_IMG_1772440327277.jpg?resize=350%2C200&ssl=1","width":350,"height":200,"srcset":"https:\/\/mlf8n66tx8z0.i.optimole.com\/w:auto\/h:auto\/q:mauto\/f:best\/https:\/\/i0.wp.com\/hungariancouncilnsw.com.au\/wp-content\/uploads\/2026\/03\/FB_IMG_1772440327277.jpg?resize=350%2C200&ssl=1 1x, https:\/\/mlf8n66tx8z0.i.optimole.com\/w:auto\/h:auto\/q:mauto\/f:best\/https:\/\/i0.wp.com\/hungariancouncilnsw.com.au\/wp-content\/uploads\/2026\/03\/FB_IMG_1772440327277.jpg?resize=525%2C300&ssl=1 1.5x, https:\/\/mlf8n66tx8z0.i.optimole.com\/w:auto\/h:auto\/q:mauto\/f:best\/https:\/\/i0.wp.com\/hungariancouncilnsw.com.au\/wp-content\/uploads\/2026\/03\/FB_IMG_1772440327277.jpg?resize=700%2C400&ssl=1 2x"},"classes":[]},{"id":47,"url":"https:\/\/hungariancouncilnsw.com.au\/hu\/organizations\/hungarian-reformed-church-sydney\/","url_meta":{"origin":11,"position":4},"title":"Sydney-i Magyar Reform\u00e1tus Egyh\u00e1z","author":"Kriszti","date":"m\u00e1rcius 3, 2026","format":false,"excerpt":"The Hungarian Reformed Church of Sydney is one of the key spiritual and community centres of the Hungarian diaspora in Australia. Its roots date back to the 1950s, when the first Hungarian Reformed worship services were held in Sydney, primarily to serve the spiritual needs of Hungarian immigrants arriving after\u2026","rel":"","context":"Similar post","block_context":{"text":"Similar post","link":""},"img":{"alt_text":"","src":"https:\/\/mlf8n66tx8z0.i.optimole.com\/w:auto\/h:auto\/q:mauto\/f:best\/https:\/\/i0.wp.com\/hungariancouncilnsw.com.au\/wp-content\/uploads\/2026\/03\/reform.png?resize=350%2C200&ssl=1","width":350,"height":200,"srcset":"https:\/\/mlf8n66tx8z0.i.optimole.com\/w:auto\/h:auto\/q:mauto\/f:best\/https:\/\/i0.wp.com\/hungariancouncilnsw.com.au\/wp-content\/uploads\/2026\/03\/reform.png?resize=350%2C200&ssl=1 1x, https:\/\/mlf8n66tx8z0.i.optimole.com\/w:auto\/h:auto\/q:mauto\/f:best\/https:\/\/i0.wp.com\/hungariancouncilnsw.com.au\/wp-content\/uploads\/2026\/03\/reform.png?resize=525%2C300&ssl=1 1.5x"},"classes":[]},{"id":44,"url":"https:\/\/hungariancouncilnsw.com.au\/hu\/organizations\/hungarian-radio-mozaik-sydney\/","url_meta":{"origin":11,"position":5},"title":"R\u00e1di\u00f3 Mozaik Sydney","author":"Kriszti","date":"m\u00e1rcius 3, 2026","format":false,"excerpt":"R\u00e1di\u00f3 Mozaik Sydney has been broadcasting a weekly two-hour Hungarian-language program since 1992 on the community radio station 2RRR 88.5FM. The station was founded by Guszt\u00e1v Ilosvay and Katalin Ilosvay-Egyed. R\u00e1di\u00f3 Mozaik Sydney is a member of the New South Wales Hungarian Council, an umbrella organization representing Hungarian associations in\u2026","rel":"","context":"Similar post","block_context":{"text":"Similar post","link":""},"img":{"alt_text":"","src":"https:\/\/mlf8n66tx8z0.i.optimole.com\/w:auto\/h:auto\/q:mauto\/f:best\/https:\/\/i0.wp.com\/hungariancouncilnsw.com.au\/wp-content\/uploads\/2026\/03\/2c6a3a70-96fa-46a8-8606-1fe4b125fbf4-1.jpg?resize=350%2C200&ssl=1","width":350,"height":200,"srcset":"https:\/\/mlf8n66tx8z0.i.optimole.com\/w:auto\/h:auto\/q:mauto\/f:best\/https:\/\/i0.wp.com\/hungariancouncilnsw.com.au\/wp-content\/uploads\/2026\/03\/2c6a3a70-96fa-46a8-8606-1fe4b125fbf4-1.jpg?resize=350%2C200&ssl=1 1x, https:\/\/mlf8n66tx8z0.i.optimole.com\/w:auto\/h:auto\/q:mauto\/f:best\/https:\/\/i0.wp.com\/hungariancouncilnsw.com.au\/wp-content\/uploads\/2026\/03\/2c6a3a70-96fa-46a8-8606-1fe4b125fbf4-1.jpg?resize=525%2C300&ssl=1 1.5x, https:\/\/mlf8n66tx8z0.i.optimole.com\/w:auto\/h:auto\/q:mauto\/f:best\/https:\/\/i0.wp.com\/hungariancouncilnsw.com.au\/wp-content\/uploads\/2026\/03\/2c6a3a70-96fa-46a8-8606-1fe4b125fbf4-1.jpg?resize=700%2C400&ssl=1 2x, https:\/\/mlf8n66tx8z0.i.optimole.com\/w:auto\/h:auto\/q:mauto\/f:best\/https:\/\/i0.wp.com\/hungariancouncilnsw.com.au\/wp-content\/uploads\/2026\/03\/2c6a3a70-96fa-46a8-8606-1fe4b125fbf4-1.jpg?resize=1050%2C600&ssl=1 3x, https:\/\/mlf8n66tx8z0.i.optimole.com\/w:auto\/h:auto\/q:mauto\/f:best\/https:\/\/i0.wp.com\/hungariancouncilnsw.com.au\/wp-content\/uploads\/2026\/03\/2c6a3a70-96fa-46a8-8606-1fe4b125fbf4-1.jpg?resize=1400%2C800&ssl=1 4x"},"classes":[]}],"ticketed":false,"_links":{"self":[{"href":"https:\/\/hungariancouncilnsw.com.au\/hu\/wp-json\/wp\/v2\/pages\/11","targetHints":{"allow":["GET"]}}],"collection":[{"href":"https:\/\/hungariancouncilnsw.com.au\/hu\/wp-json\/wp\/v2\/pages"}],"about":[{"href":"https:\/\/hungariancouncilnsw.com.au\/hu\/wp-json\/wp\/v2\/types\/page"}],"author":[{"embeddable":true,"href":"https:\/\/hungariancouncilnsw.com.au\/hu\/wp-json\/wp\/v2\/users\/277920884"}],"replies":[{"embeddable":true,"href":"https:\/\/hungariancouncilnsw.com.au\/hu\/wp-json\/wp\/v2\/comments?post=11"}],"version-history":[{"count":2,"href":"https:\/\/hungariancouncilnsw.com.au\/hu\/wp-json\/wp\/v2\/pages\/11\/revisions"}],"predecessor-version":[{"id":1011,"href":"https:\/\/hungariancouncilnsw.com.au\/hu\/wp-json\/wp\/v2\/pages\/11\/revisions\/1011"}],"wp:attachment":[{"href":"https:\/\/hungariancouncilnsw.com.au\/hu\/wp-json\/wp\/v2\/media?parent=11"}],"curies":[{"name":"wp","href":"https:\/\/api.w.org\/{rel}","templated":true}]}}