{"id":695,"date":"2026-03-18T10:57:59","date_gmt":"2026-03-17T23:57:59","guid":{"rendered":"https:\/\/hungariancouncilnsw.com.au\/?page_id=695"},"modified":"2026-03-24T13:13:05","modified_gmt":"2026-03-24T02:13:05","slug":"gyula-kovacs","status":"publish","type":"page","link":"https:\/\/hungariancouncilnsw.com.au\/hu\/about\/gyula-kovacs\/","title":{"rendered":"Kov\u00e1cs Gyula"},"content":{"rendered":"<div class=\"wp-block-uagb-container uagb-block-c77663d8 alignfull uagb-is-root-container\"><div class=\"uagb-container-inner-blocks-wrap\">\n<div class=\"wp-block-columns is-layout-flex wp-container-core-columns-is-layout-f56f613f wp-block-columns-is-layout-flex\">\n<div class=\"wp-block-column is-layout-flow wp-block-column-is-layout-flow\">\n<figure class=\"wp-block-image size-full\"><img data-opt-id=1009753205  fetchpriority=\"high\" data-recalc-dims=\"1\" decoding=\"async\" width=\"360\" height=\"408\" data-attachment-id=\"697\" data-permalink=\"https:\/\/hungariancouncilnsw.com.au\/hu\/about\/gyula-kovacs\/image-12\/\" data-orig-file=\"https:\/\/mlf8n66tx8z0.i.optimole.com\/w:auto\/h:auto\/q:mauto\/f:best\/https:\/\/i0.wp.com\/hungariancouncilnsw.com.au\/wp-content\/uploads\/2026\/03\/image-11.png?fit=360%2C408&amp;ssl=1\" data-orig-size=\"360,408\" data-comments-opened=\"1\" data-image-meta=\"{&quot;aperture&quot;:&quot;0&quot;,&quot;credit&quot;:&quot;&quot;,&quot;camera&quot;:&quot;&quot;,&quot;caption&quot;:&quot;&quot;,&quot;created_timestamp&quot;:&quot;0&quot;,&quot;copyright&quot;:&quot;&quot;,&quot;focal_length&quot;:&quot;0&quot;,&quot;iso&quot;:&quot;0&quot;,&quot;shutter_speed&quot;:&quot;0&quot;,&quot;title&quot;:&quot;&quot;,&quot;orientation&quot;:&quot;0&quot;}\" data-image-title=\"image\" data-image-description=\"\" data-image-caption=\"\" data-large-file=\"https:\/\/mlf8n66tx8z0.i.optimole.com\/w:auto\/h:auto\/q:mauto\/f:best\/https:\/\/i0.wp.com\/hungariancouncilnsw.com.au\/wp-content\/uploads\/2026\/03\/image-11.png?fit=360%2C408&amp;ssl=1\" src=\"https:\/\/mlf8n66tx8z0.i.optimole.com\/w:auto\/h:auto\/q:mauto\/f:best\/https:\/\/i0.wp.com\/hungariancouncilnsw.com.au\/wp-content\/uploads\/2026\/03\/image-11.png?resize=360%2C408&#038;ssl=1\" alt=\"\" class=\"wp-image-697\" srcset=\"https:\/\/mlf8n66tx8z0.i.optimole.com\/w:360\/h:408\/q:mauto\/f:best\/https:\/\/hungariancouncilnsw.com.au\/wp-content\/uploads\/2026\/03\/image-11.png 360w, https:\/\/mlf8n66tx8z0.i.optimole.com\/w:265\/h:4000\/q:mauto\/f:best\/https:\/\/hungariancouncilnsw.com.au\/wp-content\/uploads\/2026\/03\/image-11.png 265w, https:\/\/mlf8n66tx8z0.i.optimole.com\/w:11\/h:4000\/q:mauto\/f:best\/https:\/\/hungariancouncilnsw.com.au\/wp-content\/uploads\/2026\/03\/image-11.png 11w\" sizes=\"(max-width: 360px) 100vw, 360px\" \/><\/figure>\n<\/div>\n\n\n\n<div class=\"wp-block-column is-layout-flow wp-block-column-is-layout-flow\">\n<p class=\"has-text-align-justify wp-block-paragraph\">Kov\u00e1cs Gyula vagyok, a csal\u00e1dommal 1956 v\u00e9g\u00e9n, a forradalom ut\u00e1n gyorsan elhagytuk Magyarorsz\u00e1got, \u00e9s 1957 h\u00fasv\u00e9tj\u00e1n \u00e9rkezt\u00fcnk meg Ausztr\u00e1li\u00e1ba. N\u00e9h\u00e1ny \u00e9vvel k\u00e9s\u0151bb, 1961-ben Sydney-be k\u00f6lt\u00f6zt\u00fcnk, ahol a Regents Park v\u00e1rosr\u00e9szben telepedt\u00fcnk le.<\/p>\n\n\n\n<p class=\"has-text-align-justify wp-block-paragraph\">T\u00f6bb mint 46 \u00e9ve vagyok h\u00e1zas, k\u00e9t l\u00e1ny \u00e9desapja vagyok \u00e9s 2018 k\u00f6rny\u00e9k\u00e9n vonultam nyugd\u00edjba.<\/p>\n\n\n\n<p class=\"has-text-align-justify wp-block-paragraph\">P\u00e1lyafut\u00e1somat elektronikai technikusk\u00e9nt kezdtem, de az \u00e9vek sor\u00e1n t\u00f6bbf\u00e9le munk\u00e1t is v\u00e9geztem. V\u00e9g\u00fcl a sz\u00e1m\u00edt\u00e1stechnika vil\u00e1g\u00e1ban tal\u00e1ltam meg a helyemet. Az utols\u00f3 munkahelyemen 35 \u00e9vet t\u00f6lt\u00f6ttem, gyakorlatilag a kezdetekt\u0151l fogva a c\u00e9g munkat\u00e1rsa voltam. A v\u00e1llalat jogi \u00e9s k\u00f6nyvel\u0151i irod\u00e1k sz\u00e1m\u00e1ra fejlesztett k\u00f6lts\u00e9gkezel\u00e9si rendszereket vil\u00e1gszerte. Ausztr\u00e1l tulajdon\u00fa \u00e9s m\u0171k\u00f6dtet\u00e9s\u0171 c\u00e9g volt, amely hardvergy\u00e1rt\u00e1ssal \u00e9s szoftverfejleszt\u00e9ssel is foglalkozott.<\/p>\n<\/div>\n<\/div>\n\n\n\n<p class=\"has-text-align-justify wp-block-paragraph\">Global Technical Services Manager poz\u00edci\u00f3t t\u00f6lt\u00f6ttem be, ami azt jelentette, hogy sokat utaztam a vil\u00e1g k\u00fcl\u00f6nb\u00f6z\u0151 pontjaira: rendszereket telep\u00edtettem, \u00e9s gondoskodtam azok megfelel\u0151 m\u0171k\u00f6d\u00e9s\u00e9r\u0151l.<\/p>\n\n\n\n<p class=\"has-text-align-justify wp-block-paragraph\">A k\u00f6z\u00f6ss\u00e9gi \u00e9letben is akt\u00edvan r\u00e9szt vettem: t\u00f6bb \u00e9ven \u00e1t tagja voltam egy t\u00e1nccsoportnak, \u00e9s \u2013 ahogy mondani szoktam \u2013 a testv\u00e9reim gyakran \u201ebevontak mindenf\u00e9le programba\u201d.<\/p>\n\n\n\n<p class=\"has-text-align-justify wp-block-paragraph\">Ez\u00e9v elej\u00e9t\u0151l a NSW-i Magyar Sz\u00f6vets\u00e9g kincst\u00e1rosak\u00e9nt dolgozom. <\/p>\n<\/div><\/div>","protected":false},"excerpt":{"rendered":"<p>My name is Gyula Kov\u00e1cs, my family and I left Hungary quickly at the end of 1956 following the revolution, and we arrived in Australia at Easter 1957. A few [&hellip;]<\/p>\n","protected":false},"author":277920884,"featured_media":0,"parent":1,"menu_order":0,"comment_status":"closed","ping_status":"closed","template":"","meta":{"_tec_requires_first_save":true,"_crdt_document":"","_uag_custom_page_level_css":"","_price":"","_stock":"","_tribe_ticket_header":"","_tribe_default_ticket_provider":"","_tribe_ticket_capacity":"0","_ticket_start_date":"","_ticket_end_date":"","_tribe_ticket_show_description":"","_tribe_ticket_show_not_going":false,"_tribe_ticket_use_global_stock":"","_tribe_ticket_global_stock_level":"","_global_stock_mode":"","_global_stock_cap":"","_tribe_rsvp_for_event":"","_tribe_ticket_going_count":"","_tribe_ticket_not_going_count":"","_tribe_tickets_list":"[]","_tribe_ticket_has_attendee_info_fields":false,"_EventAllDay":false,"_EventTimezone":"","_EventStartDate":"","_EventEndDate":"","_EventStartDateUTC":"","_EventEndDateUTC":"","_EventShowMap":false,"_EventShowMapLink":false,"_EventURL":"","_EventCost":"","_EventCostDescription":"","_EventCurrencySymbol":"","_EventCurrencyCode":"","_EventCurrencyPosition":"","_EventDateTimeSeparator":"","_EventTimeRangeSeparator":"","_EventOrganizerID":[],"_EventVenueID":[],"_OrganizerEmail":"","_OrganizerPhone":"","_OrganizerWebsite":"","_VenueAddress":"","_VenueCity":"","_VenueCountry":"","_VenueProvince":"","_VenueState":"","_VenueZip":"","_VenuePhone":"","_VenueURL":"","_VenueStateProvince":"","_VenueLat":"","_VenueLng":"","_VenueShowMap":false,"_VenueShowMapLink":false,"_tribe_blocks_recurrence_rules":"","_tribe_blocks_recurrence_description":"","_tribe_blocks_recurrence_exclusions":"","footnotes":"","_tec_slr_enabled":"","_tec_slr_layout":""},"class_list":["post-695","page","type-page","status-publish","hentry"],"uagb_featured_image_src":{"full":false,"thumbnail":false,"medium":false,"medium_large":false,"large":false,"1536x1536":false,"2048x2048":false,"trp-custom-language-flag":false,"newspack-article-block-landscape-large":false,"newspack-article-block-portrait-large":false,"newspack-article-block-square-large":false,"newspack-article-block-landscape-medium":false,"newspack-article-block-portrait-medium":false,"newspack-article-block-square-medium":false,"newspack-article-block-landscape-intermediate":false,"newspack-article-block-portrait-intermediate":false,"newspack-article-block-square-intermediate":false,"newspack-article-block-landscape-small":false,"newspack-article-block-portrait-small":false,"newspack-article-block-square-small":false,"newspack-article-block-landscape-tiny":false,"newspack-article-block-portrait-tiny":false,"newspack-article-block-square-tiny":false,"newspack-article-block-uncropped":false},"uagb_author_info":{"display_name":"Kriszti","author_link":"https:\/\/hungariancouncilnsw.com.au\/hu\/author\/kriszann\/"},"uagb_comment_info":0,"uagb_excerpt":"My name is Gyula Kov\u00e1cs, my family and I left Hungary quickly at the end of 1956 following the revolution, and we arrived in Australia at Easter 1957. A few [&hellip;]","jetpack_likes_enabled":true,"jetpack_sharing_enabled":true,"jetpack_shortlink":"https:\/\/wp.me\/Ph7xDz-bd","jetpack-related-posts":[{"id":1,"url":"https:\/\/hungariancouncilnsw.com.au\/hu\/about\/","url_meta":{"origin":695,"position":0},"title":"R\u00f3lunk","author":"Hungarian Council of NSW","date":"febru\u00e1r 28, 2026","format":false,"excerpt":"Who we are The Hungarian Council of New South Wales is a community organization dedicated to preserving and promoting Hungarian culture and identity in Australia. Our members represent multiple generations \u2014 from those who arrived after 1956 to young families and Australian-born children of Hungarian heritage. What connects us is\u2026","rel":"","context":"Similar post","block_context":{"text":"Similar post","link":""},"img":{"alt_text":"view of gray building near body of water","src":"https:\/\/mlf8n66tx8z0.i.optimole.com\/w:auto\/h:auto\/q:mauto\/f:best\/https:\/\/i0.wp.com\/hungariancouncilnsw.com.au\/wp-content\/uploads\/2026\/03\/ezudjyy17ea.jpg?resize=350%2C200&ssl=1","width":350,"height":200,"srcset":"https:\/\/mlf8n66tx8z0.i.optimole.com\/w:auto\/h:auto\/q:mauto\/f:best\/https:\/\/i0.wp.com\/hungariancouncilnsw.com.au\/wp-content\/uploads\/2026\/03\/ezudjyy17ea.jpg?resize=350%2C200&ssl=1 1x, https:\/\/mlf8n66tx8z0.i.optimole.com\/w:auto\/h:auto\/q:mauto\/f:best\/https:\/\/i0.wp.com\/hungariancouncilnsw.com.au\/wp-content\/uploads\/2026\/03\/ezudjyy17ea.jpg?resize=525%2C300&ssl=1 1.5x, https:\/\/mlf8n66tx8z0.i.optimole.com\/w:auto\/h:auto\/q:mauto\/f:best\/https:\/\/i0.wp.com\/hungariancouncilnsw.com.au\/wp-content\/uploads\/2026\/03\/ezudjyy17ea.jpg?resize=700%2C400&ssl=1 2x"},"classes":[]},{"id":138,"url":"https:\/\/hungariancouncilnsw.com.au\/hu\/organizations\/hungarian-school-sydney\/","url_meta":{"origin":695,"position":1},"title":"Magyar Iskola Sydney","author":"Kriszti","date":"m\u00e1rcius 3, 2026","format":false,"excerpt":"History of the Organization The Hungarian school has been operating in Sydney since 1975. The institution was originally called Flemington Hungarian School, and since 2019 it has been known as Magyar Iskola Sydney. Since 1978, our school has been a member of the NSW Federation of Community Language Schools, which\u2026","rel":"","context":"Similar post","block_context":{"text":"Similar post","link":""},"img":{"alt_text":"","src":"https:\/\/mlf8n66tx8z0.i.optimole.com\/w:auto\/h:auto\/q:mauto\/f:best\/https:\/\/i0.wp.com\/hungariancouncilnsw.com.au\/wp-content\/uploads\/2026\/03\/suli6.jpg?resize=350%2C200&ssl=1","width":350,"height":200,"srcset":"https:\/\/mlf8n66tx8z0.i.optimole.com\/w:auto\/h:auto\/q:mauto\/f:best\/https:\/\/i0.wp.com\/hungariancouncilnsw.com.au\/wp-content\/uploads\/2026\/03\/suli6.jpg?resize=350%2C200&ssl=1 1x, https:\/\/mlf8n66tx8z0.i.optimole.com\/w:auto\/h:auto\/q:mauto\/f:best\/https:\/\/i0.wp.com\/hungariancouncilnsw.com.au\/wp-content\/uploads\/2026\/03\/suli6.jpg?resize=525%2C300&ssl=1 1.5x, https:\/\/mlf8n66tx8z0.i.optimole.com\/w:auto\/h:auto\/q:mauto\/f:best\/https:\/\/i0.wp.com\/hungariancouncilnsw.com.au\/wp-content\/uploads\/2026\/03\/suli6.jpg?resize=700%2C400&ssl=1 2x, https:\/\/mlf8n66tx8z0.i.optimole.com\/w:auto\/h:auto\/q:mauto\/f:best\/https:\/\/i0.wp.com\/hungariancouncilnsw.com.au\/wp-content\/uploads\/2026\/03\/suli6.jpg?resize=1050%2C600&ssl=1 3x, https:\/\/mlf8n66tx8z0.i.optimole.com\/w:auto\/h:auto\/q:mauto\/f:best\/https:\/\/i0.wp.com\/hungariancouncilnsw.com.au\/wp-content\/uploads\/2026\/03\/suli6.jpg?resize=1400%2C800&ssl=1 4x"},"classes":[]}],"ticketed":false,"_links":{"self":[{"href":"https:\/\/hungariancouncilnsw.com.au\/hu\/wp-json\/wp\/v2\/pages\/695","targetHints":{"allow":["GET"]}}],"collection":[{"href":"https:\/\/hungariancouncilnsw.com.au\/hu\/wp-json\/wp\/v2\/pages"}],"about":[{"href":"https:\/\/hungariancouncilnsw.com.au\/hu\/wp-json\/wp\/v2\/types\/page"}],"author":[{"embeddable":true,"href":"https:\/\/hungariancouncilnsw.com.au\/hu\/wp-json\/wp\/v2\/users\/277920884"}],"replies":[{"embeddable":true,"href":"https:\/\/hungariancouncilnsw.com.au\/hu\/wp-json\/wp\/v2\/comments?post=695"}],"version-history":[{"count":5,"href":"https:\/\/hungariancouncilnsw.com.au\/hu\/wp-json\/wp\/v2\/pages\/695\/revisions"}],"predecessor-version":[{"id":701,"href":"https:\/\/hungariancouncilnsw.com.au\/hu\/wp-json\/wp\/v2\/pages\/695\/revisions\/701"}],"up":[{"embeddable":true,"href":"https:\/\/hungariancouncilnsw.com.au\/hu\/wp-json\/wp\/v2\/pages\/1"}],"wp:attachment":[{"href":"https:\/\/hungariancouncilnsw.com.au\/hu\/wp-json\/wp\/v2\/media?parent=695"}],"curies":[{"name":"wp","href":"https:\/\/api.w.org\/{rel}","templated":true}]}}